{"id":17195,"date":"2024-08-23T14:43:57","date_gmt":"2024-08-23T14:43:57","guid":{"rendered":"https:\/\/1conn.com.tr\/letavitrin\/?page_id=17195"},"modified":"2024-08-23T14:44:49","modified_gmt":"2024-08-23T14:44:49","slug":"hakkimizda","status":"publish","type":"page","link":"https:\/\/letavitrin.com.tr\/?page_id=17195","title":{"rendered":"Hakk\u0131m\u0131zda"},"content":{"rendered":"[vc_row type=&#8221;in_container&#8221; full_screen_row_position=&#8221;middle&#8221; column_margin=&#8221;default&#8221; column_direction=&#8221;default&#8221; column_direction_tablet=&#8221;default&#8221; column_direction_phone=&#8221;default&#8221; scene_position=&#8221;center&#8221; top_padding=&#8221;50&#8243; text_color=&#8221;dark&#8221; text_align=&#8221;left&#8221; row_border_radius=&#8221;none&#8221; row_border_radius_applies=&#8221;bg&#8221; overflow=&#8221;visible&#8221; overlay_strength=&#8221;0.3&#8243; gradient_direction=&#8221;left_to_right&#8221; shape_divider_position=&#8221;bottom&#8221; bg_image_animation=&#8221;none&#8221; gradient_type=&#8221;default&#8221; shape_type=&#8221;&#8221;][vc_column column_padding=&#8221;no-extra-padding&#8221; column_padding_tablet=&#8221;inherit&#8221; column_padding_phone=&#8221;inherit&#8221; column_padding_position=&#8221;all&#8221; column_element_direction_desktop=&#8221;default&#8221; column_element_spacing=&#8221;default&#8221; desktop_text_alignment=&#8221;default&#8221; tablet_text_alignment=&#8221;default&#8221; phone_text_alignment=&#8221;default&#8221; background_color_opacity=&#8221;1&#8243; background_hover_color_opacity=&#8221;1&#8243; column_backdrop_filter=&#8221;none&#8221; column_shadow=&#8221;none&#8221; column_border_radius=&#8221;none&#8221; column_link_target=&#8221;_self&#8221; column_position=&#8221;default&#8221; gradient_direction=&#8221;left_to_right&#8221; overlay_strength=&#8221;0.3&#8243; width=&#8221;1\/1&#8243; tablet_width_inherit=&#8221;default&#8221; animation_type=&#8221;default&#8221; bg_image_animation=&#8221;none&#8221; border_type=&#8221;simple&#8221; column_border_width=&#8221;none&#8221; column_border_style=&#8221;solid&#8221;][vc_column_text css=&#8221;&#8221; text_direction=&#8221;default&#8221;]1980 y\u0131l\u0131nda kuruldu\u011fu zamandan g\u00fcn\u00fcm\u00fcze, sekt\u00f6r\u00fcn t\u00fcm ihtiya\u00e7lar\u0131n\u0131 g\u00f6z \u00f6n\u00fcnde tutarak; vitrin mankenleri ve ma\u011faza dekorasyon\/stant sistemlerini de b\u00fcnyesine ekleyen Leta Vitrin, gerek yurti\u00e7i gerekse yurtd\u0131\u015f\u0131 hizmetleri ile g\u00fcvenilirli\u011fi ve hizmet kalitesiyle sekt\u00f6r\u00fcn \u00f6nemli markalar\u0131ndan biri olman\u0131n gururunu ya\u015famaktad\u0131r.<\/p>\n<p>Kaliteden \u00f6d\u00fcn vermeden sadelik ve orijinal olma hedefini ba\u015far\u0131yla ger\u00e7ekle\u015ftirebilmi\u015ftir. Vitrin mankenlerimiz ve mimari uygulamalardaki ma\u011faza dekorasyon \u00e7al\u0131\u015fmalar\u0131m\u0131z, bu amac\u0131m\u0131za ula\u015fmam\u0131zda \u00f6nemli fakt\u00f6r olmu\u015ftur.<\/p>\n<p>Kuruldu\u011fu g\u00fcnden bu g\u00fcne dekorasyon anlay\u0131\u015f\u0131n\u0131 modern bir kavram ile sunan Leta Vitrin, m\u00fc\u015fterilerine al\u0131\u015f\u0131lm\u0131\u015f\u0131n d\u0131\u015f\u0131nda \u00e7\u00f6z\u00fcmler sunmaya devam etmektedir.<\/p>\n<p>Amac\u0131m\u0131z sizlerle; g\u00fcvenli ve kaliteli hizmetin merkezi Leta Vitrin\u2019 de bug\u00fcne kadar oldu\u011fu gibi bundan sonra da uzun y\u0131llar birlikte olmakt\u0131r.[\/vc_column_text][\/vc_column][\/vc_row][vc_row type=&#8221;in_container&#8221; full_screen_row_position=&#8221;middle&#8221; column_margin=&#8221;default&#8221; column_direction=&#8221;default&#8221; column_direction_tablet=&#8221;default&#8221; column_direction_phone=&#8221;default&#8221; scene_position=&#8221;center&#8221; top_padding=&#8221;50&#8243; text_color=&#8221;dark&#8221; text_align=&#8221;left&#8221; row_border_radius=&#8221;none&#8221; row_border_radius_applies=&#8221;bg&#8221; overflow=&#8221;visible&#8221; overlay_strength=&#8221;0.3&#8243; gradient_direction=&#8221;left_to_right&#8221; shape_divider_position=&#8221;bottom&#8221; bg_image_animation=&#8221;none&#8221; gradient_type=&#8221;default&#8221; shape_type=&#8221;&#8221;][vc_column column_padding=&#8221;no-extra-padding&#8221; column_padding_tablet=&#8221;inherit&#8221; column_padding_phone=&#8221;inherit&#8221; column_padding_position=&#8221;all&#8221; column_element_direction_desktop=&#8221;default&#8221; column_element_spacing=&#8221;default&#8221; desktop_text_alignment=&#8221;default&#8221; tablet_text_alignment=&#8221;default&#8221; phone_text_alignment=&#8221;default&#8221; background_color_opacity=&#8221;1&#8243; background_hover_color_opacity=&#8221;1&#8243; column_backdrop_filter=&#8221;none&#8221; column_shadow=&#8221;none&#8221; column_border_radius=&#8221;none&#8221; column_link_target=&#8221;_self&#8221; column_position=&#8221;default&#8221; gradient_direction=&#8221;left_to_right&#8221; overlay_strength=&#8221;0.3&#8243; width=&#8221;1\/2&#8243; tablet_width_inherit=&#8221;default&#8221; animation_type=&#8221;default&#8221; bg_image_animation=&#8221;none&#8221; border_type=&#8221;simple&#8221; column_border_width=&#8221;none&#8221; column_border_style=&#8221;solid&#8221;][vc_column_text css=&#8221;&#8221; text_direction=&#8221;default&#8221;]\n<h2>Vizyonumuz<\/h2>\n<div class=\"wpb_text_column wpb_content_element \">\n<div class=\"wpb_wrapper\">\n<blockquote>\n<h6>Sekt\u00f6re y\u00f6n veren, ya\u015fayan projelerle ilerliyoruz!<\/h6>\n<\/blockquote>\n<\/div>\n<\/div>\n<div class=\"wpb_text_column wpb_content_element \">\n<div class=\"wpb_wrapper\">\n<p>\u0130\u015f ortakl\u0131\u011f\u0131 bilinci ile m\u00fc\u015fterilerimize, kendilerine \u00f6zg\u00fc \u00e7\u00f6z\u00fcmleri cazip fikirleri de i\u00e7eren geni\u015f kapsaml\u0131 hizmetler sunarken a\u015fa\u011f\u0131daki etmenlere odaklan\u0131r\u0131z:<\/p>\n<p>*Vitrin mankenleri ile Vitrin tasar\u0131m\u0131 konusunda m\u00fc\u015fteri istek ve ihtiya\u00e7lar\u0131na do\u011fru \u00e7\u00f6z\u00fcmleri tasarlama ve uygulama.<\/p>\n<p>*\u0130lgili pazarda rekabet avantaj\u0131 yaratarak; arzu edilen kalite, maliyet ve zamanl\u0131l\u0131k,<\/p>\n<p>*\u00c7evre bilincini g\u00f6zetme ve yasal gerekliliklere her \u015fartta uyum ile i\u015fbirli\u011fini s\u00fcrd\u00fcr\u00fclebilir k\u0131lma,<\/p>\n<p>*S\u00fcrekli e\u011fitim, S\u00fcrekli geli\u015fim ile \u00e7a\u011f\u0131n gereklili\u011fi modern \u00fcretim tekniklerinde daha iyisini yapman\u0131n yolunu bulma.<\/p>\n<\/div>\n<\/div>\n[\/vc_column_text][\/vc_column][vc_column column_padding=&#8221;no-extra-padding&#8221; column_padding_tablet=&#8221;inherit&#8221; column_padding_phone=&#8221;inherit&#8221; column_padding_position=&#8221;all&#8221; column_element_direction_desktop=&#8221;default&#8221; column_element_spacing=&#8221;default&#8221; desktop_text_alignment=&#8221;default&#8221; tablet_text_alignment=&#8221;default&#8221; phone_text_alignment=&#8221;default&#8221; background_color_opacity=&#8221;1&#8243; background_hover_color_opacity=&#8221;1&#8243; column_backdrop_filter=&#8221;none&#8221; column_shadow=&#8221;none&#8221; column_border_radius=&#8221;none&#8221; column_link_target=&#8221;_self&#8221; column_position=&#8221;default&#8221; gradient_direction=&#8221;left_to_right&#8221; overlay_strength=&#8221;0.3&#8243; width=&#8221;1\/2&#8243; tablet_width_inherit=&#8221;default&#8221; animation_type=&#8221;default&#8221; bg_image_animation=&#8221;none&#8221; border_type=&#8221;simple&#8221; column_border_width=&#8221;none&#8221; column_border_style=&#8221;solid&#8221;][vc_column_text css=&#8221;&#8221; text_direction=&#8221;default&#8221;]\n<h2>Misyonumuz<\/h2>\n<div class=\"wpb_text_column wpb_content_element \">\n<div class=\"wpb_wrapper\">\n<blockquote>\n<h6>Rekabetin zirve yapt\u0131\u011f\u0131 sekt\u00f6rlerden birinde, rakiplerinizden ayr\u0131\u015fmak ve fark edilmek mi istiyorsunuz?<\/h6>\n<\/blockquote>\n<\/div>\n<\/div>\n<div class=\"wpb_text_column wpb_content_element \">\n<div class=\"wpb_wrapper\">\n<p>\u0130thal ve yerli \u00fcretim Vitrin Mankenlerini, uluslararas\u0131 seviyede kabul g\u00f6ren, Vitrin Tasar\u0131m\u0131 ve Ma\u011faza Dekorasyonu\/Raf Sistemlerini; deneyimli kadromuz, pratik, yarat\u0131c\u0131 ve fark edilen \u00e7\u00f6z\u00fcmlerimizle taleplerinize uygun, zaman\u0131nda, g\u00fcvenilir ve kaliteli hizmetle sunuyoruz.<\/p>\n<\/div>\n<\/div>\n<div class=\"wpb_text_column wpb_content_element \">\n<div class=\"wpb_wrapper\">\n<h5>De\u011ferlerimiz<\/h5>\n<\/div>\n<\/div>\n<div class=\"wpb_text_column wpb_content_element \">\n<div class=\"wpb_wrapper\">\n<ul>\n<li>Yenilik\u00e7i olmak<\/li>\n<li>Geli\u015fen teknolojiyi yak\u0131ndan takip etmek ve uymak<\/li>\n<li>M\u00fc\u015fteri odakl\u0131l\u0131k<\/li>\n<li>G\u00fcven<\/li>\n<li>S\u00fcreklilik<\/li>\n<li>Profesyonellik<\/li>\n<\/ul>\n<\/div>\n<\/div>\n[\/vc_column_text][\/vc_column][\/vc_row]\n","protected":false},"excerpt":{"rendered":"<p>[vc_row type=&#8221;in_container&#8221; full_screen_row_position=&#8221;middle&#8221; column_margin=&#8221;default&#8221; column_direction=&#8221;default&#8221; column_direction_tablet=&#8221;default&#8221; column_direction_phone=&#8221;default&#8221; scene_position=&#8221;center&#8221; top_padding=&#8221;50&#8243; text_color=&#8221;dark&#8221; text_align=&#8221;left&#8221; row_border_radius=&#8221;none&#8221; row_border_radius_applies=&#8221;bg&#8221; overflow=&#8221;visible&#8221; overlay_strength=&#8221;0.3&#8243; gradient_direction=&#8221;left_to_right&#8221; shape_divider_position=&#8221;bottom&#8221; bg_image_animation=&#8221;none&#8221; gradient_type=&#8221;default&#8221; shape_type=&#8221;&#8221;][vc_column column_padding=&#8221;no-extra-padding&#8221; column_padding_tablet=&#8221;inherit&#8221; column_padding_phone=&#8221;inherit&#8221; column_padding_position=&#8221;all&#8221; column_element_direction_desktop=&#8221;default&#8221; column_element_spacing=&#8221;default&#8221; desktop_text_alignment=&#8221;default&#8221; tablet_text_alignment=&#8221;default&#8221; phone_text_alignment=&#8221;default&#8221; background_color_opacity=&#8221;1&#8243;&#8230;<\/p>\n","protected":false},"author":1,"featured_media":0,"parent":0,"menu_order":0,"comment_status":"closed","ping_status":"closed","template":"","meta":{"footnotes":""},"class_list":["post-17195","page","type-page","status-publish"],"_links":{"self":[{"href":"https:\/\/letavitrin.com.tr\/index.php?rest_route=\/wp\/v2\/pages\/17195","targetHints":{"allow":["GET"]}}],"collection":[{"href":"https:\/\/letavitrin.com.tr\/index.php?rest_route=\/wp\/v2\/pages"}],"about":[{"href":"https:\/\/letavitrin.com.tr\/index.php?rest_route=\/wp\/v2\/types\/page"}],"author":[{"embeddable":true,"href":"https:\/\/letavitrin.com.tr\/index.php?rest_route=\/wp\/v2\/users\/1"}],"replies":[{"embeddable":true,"href":"https:\/\/letavitrin.com.tr\/index.php?rest_route=%2Fwp%2Fv2%2Fcomments&post=17195"}],"version-history":[{"count":3,"href":"https:\/\/letavitrin.com.tr\/index.php?rest_route=\/wp\/v2\/pages\/17195\/revisions"}],"predecessor-version":[{"id":17198,"href":"https:\/\/letavitrin.com.tr\/index.php?rest_route=\/wp\/v2\/pages\/17195\/revisions\/17198"}],"wp:attachment":[{"href":"https:\/\/letavitrin.com.tr\/index.php?rest_route=%2Fwp%2Fv2%2Fmedia&parent=17195"}],"curies":[{"name":"wp","href":"https:\/\/api.w.org\/{rel}","templated":true}]}}